{"id":193,"date":"2019-04-14T07:31:53","date_gmt":"2019-04-14T07:31:53","guid":{"rendered":"http:\/\/www.seco-telec.com\/?post_type=product&#038;p=193"},"modified":"2019-04-14T07:44:19","modified_gmt":"2019-04-14T07:44:19","slug":"fiber-identifier","status":"publish","type":"product","link":"https:\/\/www.seco-telec.com\/?product=fiber-identifier","title":{"rendered":"Fiber identifier"},"content":{"rendered":"<p><strong>Identified Wavelength Range\u00a0 :<\/strong> 800-1700nm<\/p>\n<p><strong> Identified Signal Type<\/strong> \u00a0\u00a0\u00a0\u00a0\u00a0\u00a0\u00a0\u00a0\u00a0\u00a0\u00a0\u00a0\u00a0\u00a0\u00a0 :\u00a0 270Hz \u00b15%, 1kHz \u00b15%, 2kHz \u00b15% Detector Type 1mm InGaAs<br \/>\n<strong>Adapter Types\u00a0\u00a0\u00a0\u00a0\u00a0\u00a0\u00a0\u00a0\u00a0\u00a0\u00a0\u00a0 \u00a0 \u00a0 \u00a0 \u00a0 \u00a0 \u00a0 \u00a0 \u00a0 \u00a0 :\u00a0\u00a0\u00a0\u00a0\u00a0 <\/strong>\u00d80.25 (Applicable for Bare Fiber) \u00d80.9 (Applicable for \u00d80.9 Cable) \u00d82.0 (Applicable\u00a0\u00a0 for \u00d82.0 Cable) \u00d83.0 (Applicable for \u00d83.0 Cable)<\/p>\n<p><strong>Signal Indication \u00a0 \u00a0 \u00a0\u00a0\u00a0\u00a0\u00a0\u00a0\u00a0\u00a0\u00a0\u00a0\u00a0\u00a0\u00a0\u00a0\u00a0\u00a0\u00a0\u00a0\u00a0 :<\/strong> Left &amp; Right LED<\/p>\n<p><strong> Signal Direction Test Range (CW\/0.9mm fiber) \u00a0 :\u00a0<\/strong> -46 to 10dBm (1310nm) -50 to 10dBm (1550nm)<\/p>\n<p><strong>Signal Power Test Range (CW\/0.9mm fiber)<\/strong>\u00a0\u00a0\u00a0\u00a0\u00a0\u00a0\u00a0\u00a0 : -50 to +10dBm Signal Frequency Display 270Hz, 1kHz, 2kHz<br \/>\n<strong>Tone Detect Test Range (Average)\u00a0\u00a0\u00a0\u00a0\u00a0\u00a0\u00a0\u00a0\u00a0\u00a0\u00a0\u00a0\u00a0\u00a0\u00a0\u00a0\u00a0\u00a0\u00a0\u00a0\u00a0\u00a0\u00a0\u00a0\u00a0\u00a0\u00a0\u00a0 :\u00a0 <\/strong>\u00d80.9, \u00d82.0, \u00d83.0 -30 to 0dBm (270Hz, 1kHz) -25 to 0dBm (2kHz)<br \/>\n\u00d80.25 -25 to 0dBm (1kHz, 2kHz) -20 to 0dBm (2kHz)<br \/>\n<strong>Insertion Loss (Typical\/ Maximum)\u00a0\u00a0\u00a0\u00a0\u00a0\u00a0\u00a0\u00a0\u00a0\u00a0\u00a0\u00a0\u00a0\u00a0\u00a0\u00a0\u00a0\u00a0\u00a0\u00a0\u00a0\u00a0\u00a0\u00a0 : <\/strong>0.3 \/ 0.8dB at 1310nm 1.5 \/ 2.5dB at 1550nm<\/p>\n<p><strong>Battery\u00a0\u00a0\u00a0\u00a0\u00a0\u00a0\u00a0\u00a0\u00a0\u00a0\u00a0\u00a0\u00a0\u00a0\u00a0\u00a0\u00a0\u00a0\u00a0\u00a0\u00a0\u00a0\u00a0\u00a0\u00a0\u00a0\u00a0\u00a0\u00a0\u00a0\u00a0\u00a0\u00a0\u00a0\u00a0\u00a0\u00a0\u00a0\u00a0\u00a0\u00a0\u00a0\u00a0\u00a0\u00a0\u00a0\u00a0\u00a0\u00a0\u00a0\u00a0\u00a0\u00a0\u00a0\u00a0\u00a0\u00a0\u00a0\u00a0\u00a0\u00a0\u00a0\u00a0\u00a0\u00a0\u00a0\u00a0\u00a0\u00a0\u00a0\u00a0\u00a0\u00a0\u00a0\u00a0\u00a0\u00a0\u00a0\u00a0\u00a0\u00a0 :\u00a0<\/strong> AAA Alkaline (2)<\/p>\n<p><strong>Operating Temperature<\/strong> \u00a0\u00a0\u00a0\u00a0\u00a0\u00a0\u00a0\u00a0\u00a0\u00a0\u00a0\u00a0\u00a0\u00a0\u00a0\u00a0\u00a0\u00a0\u00a0\u00a0\u00a0\u00a0\u00a0\u00a0\u00a0\u00a0\u00a0\u00a0\u00a0\u00a0\u00a0\u00a0\u00a0\u00a0\u00a0\u00a0\u00a0\u00a0\u00a0\u00a0\u00a0\u00a0\u00a0\u00a0\u00a0\u00a0\u00a0\u00a0\u00a0 : -10 to +60\u00baC<\/p>\n<p><strong> Storage Temperature<\/strong> \u00a0\u00a0\u00a0\u00a0\u00a0\u00a0\u00a0\u00a0\u00a0\u00a0\u00a0\u00a0\u00a0\u00a0\u00a0\u00a0\u00a0\u00a0\u00a0\u00a0\u00a0\u00a0\u00a0\u00a0\u00a0\u00a0\u00a0\u00a0\u00a0\u00a0\u00a0\u00a0\u00a0\u00a0\u00a0\u00a0\u00a0\u00a0\u00a0\u00a0\u00a0\u00a0\u00a0\u00a0\u00a0\u00a0\u00a0\u00a0\u00a0\u00a0\u00a0\u00a0\u00a0\u00a0 :-25 to +70\u00baC<\/p>\n<p><strong> Dimension \u00a0 \u00a0 \u00a0 \u00a0 \u00a0 \u00a0 \u00a0 \u00a0 \u00a0 \u00a0 \u00a0 \u00a0 \u00a0 \u00a0 \u00a0 \u00a0 \u00a0 \u00a0 \u00a0 \u00a0 \u00a0 \u00a0 \u00a0 \u00a0 \u00a0 \u00a0 \u00a0 \u00a0 \u00a0 \u00a0 \u00a0 \u00a0 \u00a0 \u00a0 \u00a0 \u00a0\u00a0<\/strong> : 196 X 30.5 X 27mm<\/p>\n<p><strong>Weight<\/strong> \u00a0\u00a0\u00a0\u00a0\u00a0\u00a0\u00a0\u00a0\u00a0\u00a0\u00a0\u00a0\u00a0\u00a0\u00a0\u00a0\u00a0\u00a0\u00a0\u00a0\u00a0\u00a0\u00a0\u00a0\u00a0\u00a0\u00a0\u00a0\u00a0\u00a0\u00a0\u00a0\u00a0\u00a0\u00a0\u00a0\u00a0\u00a0\u00a0\u00a0\u00a0\u00a0\u00a0\u00a0\u00a0\u00a0\u00a0\u00a0\u00a0\u00a0\u00a0\u00a0\u00a0\u00a0\u00a0\u00a0\u00a0\u00a0\u00a0\u00a0\u00a0\u00a0\u00a0\u00a0\u00a0\u00a0\u00a0\u00a0\u00a0\u00a0\u00a0\u00a0\u00a0\u00a0\u00a0\u00a0\u00a0\u00a0\u00a0\u00a0\u00a0\u00a0\u00a0\u00a0 : 195g<\/p>\n<p><strong>Certifications \u00a0 \u00a0 \u00a0 \u00a0 \u00a0 \u00a0 \u00a0 \u00a0 \u00a0 \u00a0 \u00a0 \u00a0 \u00a0 \u00a0 \u00a0 \u00a0 \u00a0 \u00a0 \u00a0 \u00a0 \u00a0 \u00a0 \u00a0 \u00a0 \u00a0 \u00a0 \u00a0 \u00a0 \u00a0 \u00a0 \u00a0 \u00a0 \u00a0 \u00a0 :\u00a0<\/strong> CE, FCC, WEEE<\/p>\n<p>&nbsp;<\/p>\n<p><a href=\"http:\/\/www.seco-telec.com\/wp-content\/uploads\/2019\/04\/FI-100-fiber-identifier.pdf\"><img loading=\"lazy\" decoding=\"async\" class=\"alignnone size-medium wp-image-165\" src=\"http:\/\/www.seco-telec.com\/wp-content\/uploads\/2019\/04\/download-pdf-button-1-300x88.png\" alt=\"\" width=\"300\" height=\"88\" srcset=\"https:\/\/www.seco-telec.com\/wp-content\/uploads\/2019\/04\/download-pdf-button-1-300x88.png 300w, https:\/\/www.seco-telec.com\/wp-content\/uploads\/2019\/04\/download-pdf-button-1-768x224.png 768w, https:\/\/www.seco-telec.com\/wp-content\/uploads\/2019\/04\/download-pdf-button-1-1024x299.png 1024w, https:\/\/www.seco-telec.com\/wp-content\/uploads\/2019\/04\/download-pdf-button-1-600x175.png 600w\" sizes=\"auto, (max-width: 300px) 100vw, 300px\" \/><\/a><\/p>\n","protected":false},"excerpt":{"rendered":"<p>Identified Wavelength Range\u00a0 : 800-1700nm Identified Signal Type \u00a0\u00a0\u00a0\u00a0\u00a0\u00a0\u00a0\u00a0\u00a0\u00a0\u00a0\u00a0\u00a0\u00a0\u00a0 :\u00a0 270Hz \u00b15%, 1kHz \u00b15%, 2kHz \u00b15% Detector Type 1mm InGaAs Adapter Types\u00a0\u00a0\u00a0\u00a0\u00a0\u00a0\u00a0\u00a0\u00a0\u00a0\u00a0\u00a0 \u00a0 \u00a0 \u00a0 \u00a0 \u00a0 \u00a0 \u00a0 \u00a0 \u00a0 :\u00a0\u00a0\u00a0\u00a0\u00a0 \u00d80.25 (Applicable for Bare Fiber) \u00d80.9 (Applicable for \u00d80.9 Cable) \u00d82.0 (Applicable\u00a0\u00a0 for \u00d82.0 Cable) \u00d83.0 (Applicable for \u00d83.0 Cable) Signal Indication \u00a0 [&hellip;]<\/p>\n","protected":false},"featured_media":201,"comment_status":"closed","ping_status":"closed","template":"","meta":[],"product_brand":[],"product_cat":[20],"product_tag":[],"class_list":{"0":"post-193","1":"product","2":"type-product","3":"status-publish","4":"has-post-thumbnail","6":"product_cat-fiber-optic-test-equipment","8":"first","9":"instock","10":"shipping-taxable","11":"product-type-simple"},"yoast_head":"<!-- This site is optimized with the Yoast SEO plugin v27.6 - https:\/\/yoast.com\/product\/yoast-seo-wordpress\/ -->\n<title>Fiber identifier - \u0645\u0646\u0638\u0648\u0645\u0629 \u0627\u0644\u0637\u0627\u0642\u0629 - Systematic Energy<\/title>\n<meta name=\"robots\" content=\"index, follow, max-snippet:-1, max-image-preview:large, max-video-preview:-1\" \/>\n<link rel=\"canonical\" href=\"https:\/\/www.seco-telec.com\/?product=fiber-identifier\" \/>\n<meta property=\"og:locale\" content=\"en_US\" \/>\n<meta property=\"og:type\" content=\"article\" \/>\n<meta property=\"og:title\" content=\"Fiber identifier - \u0645\u0646\u0638\u0648\u0645\u0629 \u0627\u0644\u0637\u0627\u0642\u0629 - Systematic Energy\" \/>\n<meta property=\"og:description\" content=\"Identified Wavelength Range\u00a0 : 800-1700nm Identified Signal Type \u00a0\u00a0\u00a0\u00a0\u00a0\u00a0\u00a0\u00a0\u00a0\u00a0\u00a0\u00a0\u00a0\u00a0\u00a0 :\u00a0 270Hz \u00b15%, 1kHz \u00b15%, 2kHz \u00b15% Detector Type 1mm InGaAs Adapter Types\u00a0\u00a0\u00a0\u00a0\u00a0\u00a0\u00a0\u00a0\u00a0\u00a0\u00a0\u00a0 \u00a0 \u00a0 \u00a0 \u00a0 \u00a0 \u00a0 \u00a0 \u00a0 \u00a0 :\u00a0\u00a0\u00a0\u00a0\u00a0 \u00d80.25 (Applicable for Bare Fiber) \u00d80.9 (Applicable for \u00d80.9 Cable) \u00d82.0 (Applicable\u00a0\u00a0 for \u00d82.0 Cable) \u00d83.0 (Applicable for \u00d83.0 Cable) Signal Indication \u00a0 [&hellip;]\" \/>\n<meta property=\"og:url\" content=\"https:\/\/www.seco-telec.com\/?product=fiber-identifier\" \/>\n<meta property=\"og:site_name\" content=\"\u0645\u0646\u0638\u0648\u0645\u0629 \u0627\u0644\u0637\u0627\u0642\u0629 - Systematic Energy\" \/>\n<meta property=\"article:modified_time\" content=\"2019-04-14T07:44:19+00:00\" \/>\n<meta property=\"og:image\" content=\"https:\/\/www.seco-telec.com\/wp-content\/uploads\/2019\/04\/Fiber-identifier.jpg\" \/>\n\t<meta property=\"og:image:width\" content=\"250\" \/>\n\t<meta property=\"og:image:height\" content=\"250\" \/>\n\t<meta property=\"og:image:type\" content=\"image\/jpeg\" \/>\n<meta name=\"twitter:card\" content=\"summary_large_image\" \/>\n<meta name=\"twitter:label1\" content=\"Est. reading time\" \/>\n\t<meta name=\"twitter:data1\" content=\"1 minute\" \/>\n<script type=\"application\/ld+json\" class=\"yoast-schema-graph\">{\"@context\":\"https:\\\/\\\/schema.org\",\"@graph\":[{\"@type\":\"WebPage\",\"@id\":\"https:\\\/\\\/www.seco-telec.com\\\/?product=fiber-identifier\",\"url\":\"https:\\\/\\\/www.seco-telec.com\\\/?product=fiber-identifier\",\"name\":\"Fiber identifier - \u0645\u0646\u0638\u0648\u0645\u0629 \u0627\u0644\u0637\u0627\u0642\u0629 - Systematic Energy\",\"isPartOf\":{\"@id\":\"https:\\\/\\\/www.seco-telec.com\\\/#website\"},\"primaryImageOfPage\":{\"@id\":\"https:\\\/\\\/www.seco-telec.com\\\/?product=fiber-identifier#primaryimage\"},\"image\":{\"@id\":\"https:\\\/\\\/www.seco-telec.com\\\/?product=fiber-identifier#primaryimage\"},\"thumbnailUrl\":\"https:\\\/\\\/www.seco-telec.com\\\/wp-content\\\/uploads\\\/2019\\\/04\\\/Fiber-identifier.jpg\",\"datePublished\":\"2019-04-14T07:31:53+00:00\",\"dateModified\":\"2019-04-14T07:44:19+00:00\",\"breadcrumb\":{\"@id\":\"https:\\\/\\\/www.seco-telec.com\\\/?product=fiber-identifier#breadcrumb\"},\"inLanguage\":\"en-US\",\"potentialAction\":[{\"@type\":\"ReadAction\",\"target\":[\"https:\\\/\\\/www.seco-telec.com\\\/?product=fiber-identifier\"]}]},{\"@type\":\"ImageObject\",\"inLanguage\":\"en-US\",\"@id\":\"https:\\\/\\\/www.seco-telec.com\\\/?product=fiber-identifier#primaryimage\",\"url\":\"https:\\\/\\\/www.seco-telec.com\\\/wp-content\\\/uploads\\\/2019\\\/04\\\/Fiber-identifier.jpg\",\"contentUrl\":\"https:\\\/\\\/www.seco-telec.com\\\/wp-content\\\/uploads\\\/2019\\\/04\\\/Fiber-identifier.jpg\",\"width\":250,\"height\":250},{\"@type\":\"BreadcrumbList\",\"@id\":\"https:\\\/\\\/www.seco-telec.com\\\/?product=fiber-identifier#breadcrumb\",\"itemListElement\":[{\"@type\":\"ListItem\",\"position\":1,\"name\":\"Home\",\"item\":\"https:\\\/\\\/www.seco-telec.com\\\/\"},{\"@type\":\"ListItem\",\"position\":2,\"name\":\"Products\",\"item\":\"https:\\\/\\\/www.seco-telec.com\\\/?post_type=product\"},{\"@type\":\"ListItem\",\"position\":3,\"name\":\"Fiber identifier\"}]},{\"@type\":\"WebSite\",\"@id\":\"https:\\\/\\\/www.seco-telec.com\\\/#website\",\"url\":\"https:\\\/\\\/www.seco-telec.com\\\/\",\"name\":\"\u0645\u0646\u0638\u0648\u0645\u0629 \u0627\u0644\u0637\u0627\u0642\u0629 - Systematic Energy\",\"description\":\"Fiber cable blowing machine supply in Jeddah\",\"potentialAction\":[{\"@type\":\"SearchAction\",\"target\":{\"@type\":\"EntryPoint\",\"urlTemplate\":\"https:\\\/\\\/www.seco-telec.com\\\/?s={search_term_string}\"},\"query-input\":{\"@type\":\"PropertyValueSpecification\",\"valueRequired\":true,\"valueName\":\"search_term_string\"}}],\"inLanguage\":\"en-US\"}]}<\/script>\n<!-- \/ Yoast SEO plugin. -->","yoast_head_json":{"title":"Fiber identifier - \u0645\u0646\u0638\u0648\u0645\u0629 \u0627\u0644\u0637\u0627\u0642\u0629 - Systematic Energy","robots":{"index":"index","follow":"follow","max-snippet":"max-snippet:-1","max-image-preview":"max-image-preview:large","max-video-preview":"max-video-preview:-1"},"canonical":"https:\/\/www.seco-telec.com\/?product=fiber-identifier","og_locale":"en_US","og_type":"article","og_title":"Fiber identifier - \u0645\u0646\u0638\u0648\u0645\u0629 \u0627\u0644\u0637\u0627\u0642\u0629 - Systematic Energy","og_description":"Identified Wavelength Range\u00a0 : 800-1700nm Identified Signal Type \u00a0\u00a0\u00a0\u00a0\u00a0\u00a0\u00a0\u00a0\u00a0\u00a0\u00a0\u00a0\u00a0\u00a0\u00a0 :\u00a0 270Hz \u00b15%, 1kHz \u00b15%, 2kHz \u00b15% Detector Type 1mm InGaAs Adapter Types\u00a0\u00a0\u00a0\u00a0\u00a0\u00a0\u00a0\u00a0\u00a0\u00a0\u00a0\u00a0 \u00a0 \u00a0 \u00a0 \u00a0 \u00a0 \u00a0 \u00a0 \u00a0 \u00a0 :\u00a0\u00a0\u00a0\u00a0\u00a0 \u00d80.25 (Applicable for Bare Fiber) \u00d80.9 (Applicable for \u00d80.9 Cable) \u00d82.0 (Applicable\u00a0\u00a0 for \u00d82.0 Cable) \u00d83.0 (Applicable for \u00d83.0 Cable) Signal Indication \u00a0 [&hellip;]","og_url":"https:\/\/www.seco-telec.com\/?product=fiber-identifier","og_site_name":"\u0645\u0646\u0638\u0648\u0645\u0629 \u0627\u0644\u0637\u0627\u0642\u0629 - Systematic Energy","article_modified_time":"2019-04-14T07:44:19+00:00","og_image":[{"width":250,"height":250,"url":"https:\/\/www.seco-telec.com\/wp-content\/uploads\/2019\/04\/Fiber-identifier.jpg","type":"image\/jpeg"}],"twitter_card":"summary_large_image","twitter_misc":{"Est. reading time":"1 minute"},"schema":{"@context":"https:\/\/schema.org","@graph":[{"@type":"WebPage","@id":"https:\/\/www.seco-telec.com\/?product=fiber-identifier","url":"https:\/\/www.seco-telec.com\/?product=fiber-identifier","name":"Fiber identifier - \u0645\u0646\u0638\u0648\u0645\u0629 \u0627\u0644\u0637\u0627\u0642\u0629 - Systematic Energy","isPartOf":{"@id":"https:\/\/www.seco-telec.com\/#website"},"primaryImageOfPage":{"@id":"https:\/\/www.seco-telec.com\/?product=fiber-identifier#primaryimage"},"image":{"@id":"https:\/\/www.seco-telec.com\/?product=fiber-identifier#primaryimage"},"thumbnailUrl":"https:\/\/www.seco-telec.com\/wp-content\/uploads\/2019\/04\/Fiber-identifier.jpg","datePublished":"2019-04-14T07:31:53+00:00","dateModified":"2019-04-14T07:44:19+00:00","breadcrumb":{"@id":"https:\/\/www.seco-telec.com\/?product=fiber-identifier#breadcrumb"},"inLanguage":"en-US","potentialAction":[{"@type":"ReadAction","target":["https:\/\/www.seco-telec.com\/?product=fiber-identifier"]}]},{"@type":"ImageObject","inLanguage":"en-US","@id":"https:\/\/www.seco-telec.com\/?product=fiber-identifier#primaryimage","url":"https:\/\/www.seco-telec.com\/wp-content\/uploads\/2019\/04\/Fiber-identifier.jpg","contentUrl":"https:\/\/www.seco-telec.com\/wp-content\/uploads\/2019\/04\/Fiber-identifier.jpg","width":250,"height":250},{"@type":"BreadcrumbList","@id":"https:\/\/www.seco-telec.com\/?product=fiber-identifier#breadcrumb","itemListElement":[{"@type":"ListItem","position":1,"name":"Home","item":"https:\/\/www.seco-telec.com\/"},{"@type":"ListItem","position":2,"name":"Products","item":"https:\/\/www.seco-telec.com\/?post_type=product"},{"@type":"ListItem","position":3,"name":"Fiber identifier"}]},{"@type":"WebSite","@id":"https:\/\/www.seco-telec.com\/#website","url":"https:\/\/www.seco-telec.com\/","name":"\u0645\u0646\u0638\u0648\u0645\u0629 \u0627\u0644\u0637\u0627\u0642\u0629 - Systematic Energy","description":"Fiber cable blowing machine supply in Jeddah","potentialAction":[{"@type":"SearchAction","target":{"@type":"EntryPoint","urlTemplate":"https:\/\/www.seco-telec.com\/?s={search_term_string}"},"query-input":{"@type":"PropertyValueSpecification","valueRequired":true,"valueName":"search_term_string"}}],"inLanguage":"en-US"}]}},"_links":{"self":[{"href":"https:\/\/www.seco-telec.com\/index.php?rest_route=\/wp\/v2\/product\/193","targetHints":{"allow":["GET"]}}],"collection":[{"href":"https:\/\/www.seco-telec.com\/index.php?rest_route=\/wp\/v2\/product"}],"about":[{"href":"https:\/\/www.seco-telec.com\/index.php?rest_route=\/wp\/v2\/types\/product"}],"replies":[{"embeddable":true,"href":"https:\/\/www.seco-telec.com\/index.php?rest_route=%2Fwp%2Fv2%2Fcomments&post=193"}],"wp:featuredmedia":[{"embeddable":true,"href":"https:\/\/www.seco-telec.com\/index.php?rest_route=\/wp\/v2\/media\/201"}],"wp:attachment":[{"href":"https:\/\/www.seco-telec.com\/index.php?rest_route=%2Fwp%2Fv2%2Fmedia&parent=193"}],"wp:term":[{"taxonomy":"product_brand","embeddable":true,"href":"https:\/\/www.seco-telec.com\/index.php?rest_route=%2Fwp%2Fv2%2Fproduct_brand&post=193"},{"taxonomy":"product_cat","embeddable":true,"href":"https:\/\/www.seco-telec.com\/index.php?rest_route=%2Fwp%2Fv2%2Fproduct_cat&post=193"},{"taxonomy":"product_tag","embeddable":true,"href":"https:\/\/www.seco-telec.com\/index.php?rest_route=%2Fwp%2Fv2%2Fproduct_tag&post=193"}],"curies":[{"name":"wp","href":"https:\/\/api.w.org\/{rel}","templated":true}]}}